{"id":2122,"date":"2018-04-14T04:54:42","date_gmt":"2018-04-14T04:54:42","guid":{"rendered":"https:\/\/offshorethemes.com\/demo\/educationwebpro\/?page_id=2122"},"modified":"2020-10-29T20:44:26","modified_gmt":"2020-10-29T20:44:26","slug":"master-of-business-administration-cmi","status":"publish","type":"page","link":"https:\/\/www.myedu-international.com\/?page_id=2122","title":{"rendered":"Master of Business Administration"},"content":{"rendered":"<p><span style=\"color: #000080;\">En France,\u00a0 offre de programmes MBA (Master of Business Administration), des dipl\u00f4mes internationaux d\u2019\u00e9tudes sup\u00e9rieures de haut niveau en gestion et management des entreprises en 12 ou 18 mois.\u00a0 <\/span><\/p>\n<p><span style=\"color: #000080;\">&#8211; Business School in Paris, France.<\/span><br \/><span style=\"color: #000080;\">\u00a0 &#8211; Language: French (In English starting September 2021).<\/span><br \/><span style=\"color: #000080;\">\u00a0 &#8211; Duration: 2 years or Intensive 1 year, including 6 months internship. \u00a0&#8211; <\/span><\/p>\n<p>\u00a0 &#8211; <span style=\"color: #000080;\">Frais: 7800 \u20ac pour 1 ann\u00e9e ou 10 500 \u20ac pour 2 ann\u00e9es.<\/span><br \/>\u00a0 &#8211; <span style=\"color: #000080;\">Payements: en 10 tranches.<\/span><br \/>\u00a0 &#8211; <span style=\"color: #000080;\">Rentr\u00e9es : Octobre \/ F\u00e9vrier<\/span><\/p>\n<hr \/>\n<h3 style=\"text-align: center;\"><strong><a href=\"https:\/\/www.myedu-international.com\/inquiry-form\/\">Inquire Now<\/a>\u00a0or\u00a0<a href=\"https:\/\/www.myedu-international.com\/contact-us\/\">Contact Us<\/a>\u00a0<\/strong>to get more details<\/h3>\n<hr \/>\n<p><strong><span style=\"color: #000080;\">Public concern\u00e9 :<\/span><\/strong><br \/><span style=\"color: #000080;\">\u00a0 &#8211; Titulaires d\u2019un Bac+3 ou Bac+4 qui visent une carri\u00e8re internationale.<\/span><br \/><span style=\"color: #000080;\">\u00a0 &#8211; Titulaires d\u2019un Bac+5 souhaitant acqu\u00e9rir une double comp\u00e9tence en management international.<\/span><br \/><span style=\"color: #000080;\">\u00a0 &#8211; Professionnels souhaitant faire \u00e9voluer leur carri\u00e8re \u00e0 l\u2019international.<\/span><\/p>\n<hr \/>\n<p><strong><span style=\"color: #000080;\">Dossier de candidature :<\/span><\/strong><\/p>\n<ul>\n<li><span style=\"color: #000080;\">Remplir le dossier de candidature<\/span><\/li>\n<li><span style=\"color: #000080;\">Fournir\u00a0:<\/span>\n<ul>\n<li><span style=\"color: #000080;\">un CV r\u00e9cent<\/span><\/li>\n<li><span style=\"color: #000080;\">les bulletins de notes des deux derni\u00e8res ann\u00e9es d\u2019\u00e9tude<\/span><\/li>\n<li><span style=\"color: #000080;\">une copie du dernier dipl\u00f4me obtenu<\/span><\/li>\n<li><span style=\"color: #000080;\">une copie de la pi\u00e8ce d\u2019identit\u00e9<\/span><\/li>\n<\/ul>\n<\/li>\n<\/ul>\n<hr \/>\n<p><span style=\"color: #000080;\">L&#8217;\u00e9cole offre \u00e9galement des dipl\u00f4mes reconnus par l\u2019Etat et Vis\u00e9s par le minist\u00e8re de l\u2019Enseignement sup\u00e9rieur, de la Recherche<\/span><br \/><span style=\"color: #000080;\">et de l\u2019Innovation :<\/span><br \/><span style=\"color: #000080;\">* Programme Grande Ecole : Dipl\u00f4me Vis\u00e9 Bac+5<\/span><br \/><span style=\"color: #000080;\">* Programme Bachelor : Dipl\u00f4me Vis\u00e9 Bac+3<\/span><br \/><span style=\"color: #000080;\">* Programme DBA (Doctorate of Business Administration) : Dipl\u00f4me de niveau doctoral en 3 ans.<\/span><\/p>\n\n\n<p><\/p>\n","protected":false},"excerpt":{"rendered":"<p>En France,\u00a0 offre de programmes MBA (Master of Business Administration), des dipl\u00f4mes internationaux d\u2019\u00e9tudes sup\u00e9rieures de haut niveau en gestion et management des entreprises en 12 ou 18 mois.\u00a0 &#8211; Business School in Paris, France.\u00a0 &#8211; Language: French (In English starting September&#8230;<\/p>\n","protected":false},"author":1,"featured_media":2123,"parent":0,"menu_order":0,"comment_status":"closed","ping_status":"closed","template":"","meta":{"footnotes":""},"class_list":["post-2122","page","type-page","status-publish","has-post-thumbnail","hentry"],"_links":{"self":[{"href":"https:\/\/www.myedu-international.com\/index.php?rest_route=\/wp\/v2\/pages\/2122","targetHints":{"allow":["GET"]}}],"collection":[{"href":"https:\/\/www.myedu-international.com\/index.php?rest_route=\/wp\/v2\/pages"}],"about":[{"href":"https:\/\/www.myedu-international.com\/index.php?rest_route=\/wp\/v2\/types\/page"}],"author":[{"embeddable":true,"href":"https:\/\/www.myedu-international.com\/index.php?rest_route=\/wp\/v2\/users\/1"}],"replies":[{"embeddable":true,"href":"https:\/\/www.myedu-international.com\/index.php?rest_route=%2Fwp%2Fv2%2Fcomments&post=2122"}],"version-history":[{"count":10,"href":"https:\/\/www.myedu-international.com\/index.php?rest_route=\/wp\/v2\/pages\/2122\/revisions"}],"predecessor-version":[{"id":3215,"href":"https:\/\/www.myedu-international.com\/index.php?rest_route=\/wp\/v2\/pages\/2122\/revisions\/3215"}],"wp:featuredmedia":[{"embeddable":true,"href":"https:\/\/www.myedu-international.com\/index.php?rest_route=\/wp\/v2\/media\/2123"}],"wp:attachment":[{"href":"https:\/\/www.myedu-international.com\/index.php?rest_route=%2Fwp%2Fv2%2Fmedia&parent=2122"}],"curies":[{"name":"wp","href":"https:\/\/api.w.org\/{rel}","templated":true}]}}